{"id":3282,"date":"2024-06-01T18:15:23","date_gmt":"2024-06-01T17:15:23","guid":{"rendered":"https:\/\/www.apotheekensport.nl\/supply\/produkt\/slimdropico\/"},"modified":"2025-03-09T21:50:20","modified_gmt":"2025-03-09T20:50:20","slug":"slimdropico","status":"publish","type":"product","link":"https:\/\/fysio-cesartherapieroden.nl\/supply\/produkt\/slimdropico\/","title":{"rendered":"Slimdropico"},"content":{"rendered":"\n<h2 class=\"wp-block-heading\">Wat is Slimdropico en hoe werkt het?<\/h2>\n\n\n\n<p>Slimdropico is een innovatief supplement in vloeibare vorm dat gemakkelijk in het lichaam wordt opgenomen, waardoor het effectiever is dan traditionele tabletten. <b>De werking van Slimdropico<\/b> is gebaseerd op vier belangrijke mechanismen. Ten eerste blokkeert het supplement effectief de vetopname. Ten tweede versnelt het de verbranding van bestaand lichaamsvet. Ten derde vermindert het de eetlust, waardoor overmatige calorie-inname wordt beperkt. Ten vierde bevordert Slimdropico de spijsvertering, waardoor het metabolisme van het lichaam verbetert.<\/p>\n\n\n\n<p>De ingredi\u00ebnten van Slimdropico bevatten natuurlijke extracten die een positieve invloed hebben op gewichtsverlies. Het yerba mate-extract is een van de belangrijkste ingredi\u00ebnten, bevestigd door een klinische studie uit 2015, die het effect op gewichtsvermindering en vermindering van lichaamsvet aantoonde. Het gembergehalte bevordert de gezonde werking van het spijsverteringsstelsel en ondersteunt lipidenverlaging. Lavaswortel vergemakkelijkt op zijn beurt de eliminatie van gifstoffen, wat indirect <b>de werking van Slimdropico<\/b> in de context van gewichtsverlies ondersteunt. Daarnaast verbeteren kruiden zoals paardenbloem en salie de resultaten met betrekking tot lichaamsgewicht en metabolische gezondheid.<\/p>\n\n\n\n<p>Met een uniek mechanisme rond gewichtsverlies en zorgvuldig geselecteerde ingredi\u00ebnten kan Slimdropico je helpen je doelen voor gewichtsverlies en een beter welzijn te bereiken.<\/p>\n\n\n\n<h2 class=\"wp-block-heading\">Effecten van Slimdropico<\/h2>\n\n\n\n<p>Het gebruik van Slimdropico draagt bij aan een aanzienlijke <em>gewichtsvermindering<\/em>, met resultaten vari\u00ebrend van 3 tot 10 kg, wat afhangt van de individuele behoeften van de gebruiker. De druppels zijn effectief in het versnellen van <em>de vetverbranding<\/em> en het afremmen van hun trek, wat leidt tot een vermindering van de calorie-inname. Gebruikers merken een merkbare verbetering van hun welzijn door een verbeterde spijsvertering en het verdwijnen van een opgeblazen gevoel.<\/p>\n\n\n\n<p>De formule bevat <b>natuurlijke ingredi\u00ebnten<\/b> zoals <em>yerba mate<\/em>, <em>gember<\/em> en <em>paardenbloem<\/em> om <em>een verbeterde stofwisseling<\/em> te ondersteunen. Yerba mate blokkeert de activiteit van alvleesklierlipase, wat vetophoping in lichaamsweefsels kan verminderen. Gember staat bekend om zijn vermogen om het verlangen te verminderen, vooral naar ongezonde snacks, wat bijdraagt aan sneller gewichtsverlies.<\/p>\n\n\n\n<p>Tests op het product bevestigen de werkzaamheid en <b>veiligheid<\/b> ervan. Pati\u00ebnten die Slimdropico gebruiken, melden een aanzienlijke verbetering in de regulatie van de eetlust en een merkbare <em>gewichtsvermindering<\/em> na regelmatig gebruik. <b>De effecten van Slimdropico<\/b> zijn niet alleen gewichtsverlies, maar ook een verbeterd welzijn en een verhoogd energieniveau door de werking van de spijsverteringsondersteunende ingredi\u00ebnten.<\/p>\n\n\n\n<h2 class=\"wp-block-heading\">Hoe Slimdropico correct gebruiken &#8211; Dosering<\/h2>\n\n\n\n<p>Bij het juiste gebruik van Slimdropico is de juiste dosering essentieel. Volgens de aanbevelingen van de fabrikant moeten dagelijks <em>20 druppels<\/em> worden ingenomen. Voor een maximaal effect moeten de druppels worden opgelost in <em>water of vruchtensap<\/em>. Het wordt ook aanbevolen om het flesje te schudden voor gebruik. Dit zorgt ervoor dat de actieve <b>ingredi\u00ebnten<\/b> goed gemengd worden, wat de effectiviteit van de druppels be\u00efnvloedt.<\/p>\n\n\n\n<p>Naast de hoofddosering kan <em>de dosering van Slimdropico<\/em> worden aangepast naarmate het afslankproces vordert. Zodra het gewenste gewicht is bereikt, kunnen kleinere doseringen worden gebruikt, wat het behoud van de effecten verder ondersteunt. De meegeleverde precisiepipet maakt een nauwkeurige dosering mogelijk, wat essentieel is voor het bereiken van de gewenste resultaten.<\/p>\n\n\n\n<ul class=\"wp-block-list\">\n<li>20 druppels per dag<\/li>\n\n\n\n<li>Oplossen in water of sap<\/li>\n\n\n\n<li>Injecteren voor gebruik<\/li>\n\n\n\n<li>Mogelijkheid om de dosering te verlagen zodra het doel is bereikt<\/li>\n<\/ul>\n\n\n\n<p>Regelmatig <em>gebruik van<\/em> Slimdropico <em>druppels<\/em> ondersteunt het proces van gewichtsvermindering en helpt het gevoel van verzadiging te behouden. De juiste toepassing van het product is cruciaal voor de effectiviteit, dus het is de moeite waard om de instructies in de bijsluiter op te volgen. De werking van de druppels, gecombineerd met de mogelijkheid om de dosering individueel aan te passen, maakt Slimdropico een aantrekkelijke keuze voor wie effectief wil afvallen.<\/p>\n\n\n\n<h2 class=\"wp-block-heading\">Slimdropico &#8211; Meningen en recensies &#8211; Wat zeggen gebruikers?<\/h2>\n\n\n\n<p>De beoordelingen van <b>Slimdropico<\/b> zijn gemengd, maar veel gebruikers benadrukken de effectiviteit van dit supplement bij het afvallen. De effectiviteitsbeoordeling van Slimdropico is 9,3\/10, waarmee het ver boven andere producten op de markt staat, zoals Idealica (6,1\/10) en Eco Slim (6,0\/10).<\/p>\n\n\n\n<p>Van de klanten die Slimdropico hebben gebruikt, hebben velen positieve <b>effecten van het gebruik<\/b> opgemerkt. Voorbeelden van ervaringen van gebruikers laten zien hoe het hun leven verandert:<\/p>\n\n\n\n<ul class=\"wp-block-list\">\n<li><em>Anna:<\/em> Sinds ik met de behandeling ben begonnen, heb ik gemerkt dat mijn eetlust is afgenomen. Ik ben 8 kg afgevallen in \u00e9\u00e9n maand.<\/li>\n\n\n\n<li><em>Christopher:<\/em> Ik was sceptisch over de supplementen, maar de resultaten maakten korte metten met mijn onzekerheid. Ik verloor 6 kg in de eerste maand.<\/li>\n\n\n\n<li><em>Monica:<\/em> Slimdropico heeft me geholpen om mijn drang naar zoetigheid tegen te gaan, waardoor het makkelijker is om af te vallen.<\/li>\n<\/ul>\n\n\n\n<p>Veel beoordelingen van gebruikers richten zich op de vermindering van de eetlust en de versnelling van de stofwisseling. <b>De effecten van het gebruik<\/b> zijn al na een paar dagen merkbaar, wat de motivatie om door te gaan met de behandeling vergroot. Bovendien lijken <b>de natuurlijke ingredi\u00ebnten van<\/b> Slimdropico het risico op allergie\u00ebn bij gevoelige personen te verminderen.<\/p>\n\n\n\n<p><b>Slimdropico reviews<\/b> laten zien dat het een handig alternatief is voor traditionele tabletten, die soms moeilijk door te slikken zijn. Klanten waarderen dit supplement vanwege de werkzaamheid en de bijwerkingen, die meestal afwezig zijn als de aanbevolen dosering wordt aangehouden.<\/p>\n\n\n\n<h2 class=\"wp-block-heading\">Slimdropico &#8211; Samenstelling &#8211; Wat zit erin?<\/h2>\n\n\n\n<p>Slimdropico is een product dat <em>natuurlijke ingredi\u00ebnten<\/em> gebruikt om gewichtsverlies te ondersteunen. De <em>Slimdropico formule<\/em> is gebaseerd op plantenextracten die bewezen voordelen voor het lichaam hebben. Hier zijn de details van de ingredi\u00ebnten in elke dagelijkse portie:<\/p>\n\n\n\n<figure class=\"wp-block-table\"><table class=\"has-fixed-layout\"><tbody><tr><th>Component<\/th><th>Hoeveelheid per dagelijkse portie (20 druppels)<\/th><th>Plantenextract (DER 20:1)<\/th><\/tr><tr><td>Extract van de bladeren van de hulstplant<\/td><td>40 mg<\/td><td>800 mg<\/td><\/tr><tr><td>Gember wortelstok extract<\/td><td>20 mg<\/td><td>400 mg<\/td><\/tr><tr><td>Extract van pepermuntblad<\/td><td>10 mg<\/td><td>200 mg<\/td><\/tr><tr><td>Extract van lavaswortel<\/td><td>10 mg<\/td><td>200 mg<\/td><\/tr><tr><td>Extract van paardenbloemkruid en -wortel<\/td><td>10 mg<\/td><td>200 mg<\/td><\/tr><tr><td>Extract van viooltjeskruid<\/td><td>10 mg<\/td><td>200 mg<\/td><\/tr><tr><td>Extract van salieblad<\/td><td>10 mg<\/td><td>200 mg<\/td><\/tr><\/tbody><\/table><\/figure>\n\n\n\n<p>Elk van de <em>plantenextracten<\/em> in de formule van Slimdropico werkt synergetisch om lichaamsvet te verminderen en de spijsvertering te bevorderen. Regelmatig gebruik van het product kan leiden tot een gevoel van grotere verzadiging en onderdrukking van de eetlust. De formule bevat ook stoffen zoals cafe\u00efne, die de stofwisseling versnelt. De inhoud van een pakje is 50 ml en de aanbevolen dosis is 20 druppels per dag opgelost in water of vruchtensap.<\/p>\n\n\n\n<h2 class=\"wp-block-heading\">Waar te koop en wat is de prijs van Slimdropico?<\/h2>\n\n\n\n<p>Slimdropico kan alleen worden gekocht via de website van de fabrikant, die de echtheid en effectiviteit garandeert. De fabrikant organiseert vaak promoties met kortingen op losse artikelen, voordelige pakketten voor grotere bestellingen en gratis levering. Het is de moeite waard om de website regelmatig te volgen om de kans om tegen de beste prijs te kopen niet te missen.<\/p>\n\n\n\n<h2 class=\"wp-block-heading\">Slimdropico &#8211; Bijwerkingen en contra-indicaties &#8211; Is het veilig?<\/h2>\n\n\n\n<p>Slimdropico wordt, dankzij de natuurlijke samenstelling, beschouwd als een veilig preparaat ter ondersteuning van gewichtsverlies. Toch moet er aandacht besteed worden aan de specifieke <strong>contra-indicaties<\/strong> van het gebruik. Het product wordt afgeraden voor zwangere vrouwen, vrouwen die borstvoeding geven en mensen die allergisch zijn voor \u00e9\u00e9n van de ingredi\u00ebnten in het product.<\/p>\n\n\n\n<p>Het is belangrijk om altijd je arts te raadplegen voordat je begint met Slimdropico-supplementatie om mogelijke <strong>bijwerkingen<\/strong> en interacties met andere medicijnen te voorkomen. <b>De veiligheid van<\/b> dit product moet een prioriteit zijn, vooral voor mensen met bestaande gezondheidsproblemen.<\/p>\n\n\n\n<p>Concluderend: hoewel Slimdropico vaak wordt geprezen om zijn effectiviteit bij het verminderen van gewicht en het onder controle houden van de eetlust, is het raadzaam om de ingredi\u00ebnten zorgvuldig te lezen en je arts te raadplegen om optimale <strong>veiligheid<\/strong> te garanderen voordat je met de behandeling begint.<\/p>\n","protected":false},"excerpt":{"rendered":"<p><strong>[date_countdown]<\/strong><\/p>\n<p class=\"elementor-heading-title elementor-size-default\" style=\"color: #0677cd; text-align: center;\"><strong>(Meer dan 5823 tevreden klanten)<\/strong><\/p>\n<p><img decoding=\"async\" class=\"alignnone  wp-image-3408 aligncenter\" src=\"https:\/\/fysio-cesartherapieroden.nl\/supply\/wp-content\/uploads\/2024\/05\/payment-secure-300x108.png\" alt=\"payment-secure\" width=\"145\" height=\"52\" srcset=\"https:\/\/fysio-cesartherapieroden.nl\/supply\/wp-content\/uploads\/2024\/05\/payment-secure-300x108.png 300w, https:\/\/fysio-cesartherapieroden.nl\/supply\/wp-content\/uploads\/2024\/05\/payment-secure.png 594w\" sizes=\"(max-width: 145px) 100vw, 145px\" \/><\/p>\n","protected":false},"featured_media":3281,"comment_status":"open","ping_status":"closed","template":"","meta":{"neve_meta_sidebar":"","neve_meta_container":"","neve_meta_enable_content_width":"","neve_meta_content_width":0,"neve_meta_title_alignment":"","neve_meta_author_avatar":"","neve_post_elements_order":"","neve_meta_disable_header":"","neve_meta_disable_footer":"","neve_meta_disable_title":"","neve_meta_reading_time":""},"product_brand":[],"product_cat":[23],"product_tag":[],"class_list":{"0":"post-3282","1":"product","2":"type-product","3":"status-publish","4":"has-post-thumbnail","6":"product_cat-afslanken","8":"first","9":"instock","10":"sale","11":"shipping-taxable","12":"product-type-external"},"yoast_head":"<!-- This site is optimized with the Yoast SEO plugin v27.4 - https:\/\/yoast.com\/product\/yoast-seo-wordpress\/ -->\n<title>Slimdropico - Review, Forum, Effecten, Prijs - 50%, Apotheek | Fysio-Cesartherapieroden<\/title>\n<meta name=\"robots\" content=\"index, follow, max-snippet:-1, max-image-preview:large, max-video-preview:-1\" \/>\n<link rel=\"canonical\" href=\"https:\/\/fysio-cesartherapieroden.nl\/supply\/produkt\/slimdropico\/\" \/>\n<meta property=\"og:locale\" content=\"nl_NL\" \/>\n<meta property=\"og:type\" content=\"article\" \/>\n<meta property=\"og:title\" content=\"Slimdropico - Review, Forum, Effecten, Prijs - 50%, Apotheek | Fysio-Cesartherapieroden\" \/>\n<meta property=\"og:description\" content=\"(Meer dan 5823 tevreden klanten)\" \/>\n<meta property=\"og:url\" content=\"https:\/\/fysio-cesartherapieroden.nl\/supply\/produkt\/slimdropico\/\" \/>\n<meta property=\"og:site_name\" content=\"Fysio-Cesartherapieroden\" \/>\n<meta property=\"article:modified_time\" content=\"2025-03-09T20:50:20+00:00\" \/>\n<meta property=\"og:image\" content=\"https:\/\/fysio-cesartherapieroden.nl\/supply\/wp-content\/uploads\/2024\/06\/SLIMDROPICO.jpg\" \/>\n\t<meta property=\"og:image:width\" content=\"768\" \/>\n\t<meta property=\"og:image:height\" content=\"768\" \/>\n\t<meta property=\"og:image:type\" content=\"image\/jpeg\" \/>\n<meta name=\"twitter:card\" content=\"summary_large_image\" \/>\n<meta name=\"twitter:label1\" content=\"Geschatte leestijd\" \/>\n\t<meta name=\"twitter:data1\" content=\"1 minuut\" \/>\n<script type=\"application\/ld+json\" class=\"yoast-schema-graph\">{\"@context\":\"https:\\\/\\\/schema.org\",\"@graph\":[{\"@type\":\"WebPage\",\"@id\":\"https:\\\/\\\/fysio-cesartherapieroden.nl\\\/supply\\\/produkt\\\/slimdropico\\\/\",\"url\":\"https:\\\/\\\/fysio-cesartherapieroden.nl\\\/supply\\\/produkt\\\/slimdropico\\\/\",\"name\":\"Slimdropico - Review, Forum, Effecten, Prijs - 50%, Apotheek | Fysio-Cesartherapieroden\",\"isPartOf\":{\"@id\":\"https:\\\/\\\/fysio-cesartherapieroden.nl\\\/supply\\\/#website\"},\"primaryImageOfPage\":{\"@id\":\"https:\\\/\\\/fysio-cesartherapieroden.nl\\\/supply\\\/produkt\\\/slimdropico\\\/#primaryimage\"},\"image\":{\"@id\":\"https:\\\/\\\/fysio-cesartherapieroden.nl\\\/supply\\\/produkt\\\/slimdropico\\\/#primaryimage\"},\"thumbnailUrl\":\"https:\\\/\\\/fysio-cesartherapieroden.nl\\\/supply\\\/wp-content\\\/uploads\\\/2024\\\/06\\\/SLIMDROPICO.jpg\",\"datePublished\":\"2024-06-01T17:15:23+00:00\",\"dateModified\":\"2025-03-09T20:50:20+00:00\",\"breadcrumb\":{\"@id\":\"https:\\\/\\\/fysio-cesartherapieroden.nl\\\/supply\\\/produkt\\\/slimdropico\\\/#breadcrumb\"},\"inLanguage\":\"nl-NL\",\"potentialAction\":[{\"@type\":\"ReadAction\",\"target\":[\"https:\\\/\\\/fysio-cesartherapieroden.nl\\\/supply\\\/produkt\\\/slimdropico\\\/\"]}]},{\"@type\":\"ImageObject\",\"inLanguage\":\"nl-NL\",\"@id\":\"https:\\\/\\\/fysio-cesartherapieroden.nl\\\/supply\\\/produkt\\\/slimdropico\\\/#primaryimage\",\"url\":\"https:\\\/\\\/fysio-cesartherapieroden.nl\\\/supply\\\/wp-content\\\/uploads\\\/2024\\\/06\\\/SLIMDROPICO.jpg\",\"contentUrl\":\"https:\\\/\\\/fysio-cesartherapieroden.nl\\\/supply\\\/wp-content\\\/uploads\\\/2024\\\/06\\\/SLIMDROPICO.jpg\",\"width\":768,\"height\":768},{\"@type\":\"BreadcrumbList\",\"@id\":\"https:\\\/\\\/fysio-cesartherapieroden.nl\\\/supply\\\/produkt\\\/slimdropico\\\/#breadcrumb\",\"itemListElement\":[{\"@type\":\"ListItem\",\"position\":1,\"name\":\"Home\",\"item\":\"https:\\\/\\\/fysio-cesartherapieroden.nl\\\/supply\\\/\"},{\"@type\":\"ListItem\",\"position\":2,\"name\":\"Apotheeken&amp;Sport\",\"item\":\"https:\\\/\\\/fysio-cesartherapieroden.nl\\\/supply\\\/\"},{\"@type\":\"ListItem\",\"position\":3,\"name\":\"Slimdropico\"}]},{\"@type\":\"WebSite\",\"@id\":\"https:\\\/\\\/fysio-cesartherapieroden.nl\\\/supply\\\/#website\",\"url\":\"https:\\\/\\\/fysio-cesartherapieroden.nl\\\/supply\\\/\",\"name\":\"Fysio-Cesartherapieroden\",\"description\":\"\",\"potentialAction\":[{\"@type\":\"SearchAction\",\"target\":{\"@type\":\"EntryPoint\",\"urlTemplate\":\"https:\\\/\\\/fysio-cesartherapieroden.nl\\\/supply\\\/?s={search_term_string}\"},\"query-input\":{\"@type\":\"PropertyValueSpecification\",\"valueRequired\":true,\"valueName\":\"search_term_string\"}}],\"inLanguage\":\"nl-NL\"}]}<\/script>\n<!-- \/ Yoast SEO plugin. -->","yoast_head_json":{"title":"Slimdropico - Review, Forum, Effecten, Prijs - 50%, Apotheek | Fysio-Cesartherapieroden","robots":{"index":"index","follow":"follow","max-snippet":"max-snippet:-1","max-image-preview":"max-image-preview:large","max-video-preview":"max-video-preview:-1"},"canonical":"https:\/\/fysio-cesartherapieroden.nl\/supply\/produkt\/slimdropico\/","og_locale":"nl_NL","og_type":"article","og_title":"Slimdropico - Review, Forum, Effecten, Prijs - 50%, Apotheek | Fysio-Cesartherapieroden","og_description":"(Meer dan 5823 tevreden klanten)","og_url":"https:\/\/fysio-cesartherapieroden.nl\/supply\/produkt\/slimdropico\/","og_site_name":"Fysio-Cesartherapieroden","article_modified_time":"2025-03-09T20:50:20+00:00","og_image":[{"width":768,"height":768,"url":"https:\/\/fysio-cesartherapieroden.nl\/supply\/wp-content\/uploads\/2024\/06\/SLIMDROPICO.jpg","type":"image\/jpeg"}],"twitter_card":"summary_large_image","twitter_misc":{"Geschatte leestijd":"1 minuut"},"schema":{"@context":"https:\/\/schema.org","@graph":[{"@type":"WebPage","@id":"https:\/\/fysio-cesartherapieroden.nl\/supply\/produkt\/slimdropico\/","url":"https:\/\/fysio-cesartherapieroden.nl\/supply\/produkt\/slimdropico\/","name":"Slimdropico - Review, Forum, Effecten, Prijs - 50%, Apotheek | Fysio-Cesartherapieroden","isPartOf":{"@id":"https:\/\/fysio-cesartherapieroden.nl\/supply\/#website"},"primaryImageOfPage":{"@id":"https:\/\/fysio-cesartherapieroden.nl\/supply\/produkt\/slimdropico\/#primaryimage"},"image":{"@id":"https:\/\/fysio-cesartherapieroden.nl\/supply\/produkt\/slimdropico\/#primaryimage"},"thumbnailUrl":"https:\/\/fysio-cesartherapieroden.nl\/supply\/wp-content\/uploads\/2024\/06\/SLIMDROPICO.jpg","datePublished":"2024-06-01T17:15:23+00:00","dateModified":"2025-03-09T20:50:20+00:00","breadcrumb":{"@id":"https:\/\/fysio-cesartherapieroden.nl\/supply\/produkt\/slimdropico\/#breadcrumb"},"inLanguage":"nl-NL","potentialAction":[{"@type":"ReadAction","target":["https:\/\/fysio-cesartherapieroden.nl\/supply\/produkt\/slimdropico\/"]}]},{"@type":"ImageObject","inLanguage":"nl-NL","@id":"https:\/\/fysio-cesartherapieroden.nl\/supply\/produkt\/slimdropico\/#primaryimage","url":"https:\/\/fysio-cesartherapieroden.nl\/supply\/wp-content\/uploads\/2024\/06\/SLIMDROPICO.jpg","contentUrl":"https:\/\/fysio-cesartherapieroden.nl\/supply\/wp-content\/uploads\/2024\/06\/SLIMDROPICO.jpg","width":768,"height":768},{"@type":"BreadcrumbList","@id":"https:\/\/fysio-cesartherapieroden.nl\/supply\/produkt\/slimdropico\/#breadcrumb","itemListElement":[{"@type":"ListItem","position":1,"name":"Home","item":"https:\/\/fysio-cesartherapieroden.nl\/supply\/"},{"@type":"ListItem","position":2,"name":"Apotheeken&amp;Sport","item":"https:\/\/fysio-cesartherapieroden.nl\/supply\/"},{"@type":"ListItem","position":3,"name":"Slimdropico"}]},{"@type":"WebSite","@id":"https:\/\/fysio-cesartherapieroden.nl\/supply\/#website","url":"https:\/\/fysio-cesartherapieroden.nl\/supply\/","name":"Fysio-Cesartherapieroden","description":"","potentialAction":[{"@type":"SearchAction","target":{"@type":"EntryPoint","urlTemplate":"https:\/\/fysio-cesartherapieroden.nl\/supply\/?s={search_term_string}"},"query-input":{"@type":"PropertyValueSpecification","valueRequired":true,"valueName":"search_term_string"}}],"inLanguage":"nl-NL"}]}},"_links":{"self":[{"href":"https:\/\/fysio-cesartherapieroden.nl\/supply\/wp-json\/wp\/v2\/product\/3282","targetHints":{"allow":["GET"]}}],"collection":[{"href":"https:\/\/fysio-cesartherapieroden.nl\/supply\/wp-json\/wp\/v2\/product"}],"about":[{"href":"https:\/\/fysio-cesartherapieroden.nl\/supply\/wp-json\/wp\/v2\/types\/product"}],"replies":[{"embeddable":true,"href":"https:\/\/fysio-cesartherapieroden.nl\/supply\/wp-json\/wp\/v2\/comments?post=3282"}],"wp:featuredmedia":[{"embeddable":true,"href":"https:\/\/fysio-cesartherapieroden.nl\/supply\/wp-json\/wp\/v2\/media\/3281"}],"wp:attachment":[{"href":"https:\/\/fysio-cesartherapieroden.nl\/supply\/wp-json\/wp\/v2\/media?parent=3282"}],"wp:term":[{"taxonomy":"product_brand","embeddable":true,"href":"https:\/\/fysio-cesartherapieroden.nl\/supply\/wp-json\/wp\/v2\/product_brand?post=3282"},{"taxonomy":"product_cat","embeddable":true,"href":"https:\/\/fysio-cesartherapieroden.nl\/supply\/wp-json\/wp\/v2\/product_cat?post=3282"},{"taxonomy":"product_tag","embeddable":true,"href":"https:\/\/fysio-cesartherapieroden.nl\/supply\/wp-json\/wp\/v2\/product_tag?post=3282"}],"curies":[{"name":"wp","href":"https:\/\/api.w.org\/{rel}","templated":true}]}}