{"id":3332,"date":"2024-06-01T18:16:05","date_gmt":"2024-06-01T17:16:05","guid":{"rendered":"https:\/\/www.apotheekensport.nl\/supply\/produkt\/green-barley-plus\/"},"modified":"2025-03-09T21:45:31","modified_gmt":"2025-03-09T20:45:31","slug":"green-barley-plus","status":"publish","type":"product","link":"https:\/\/fysio-cesartherapieroden.nl\/supply\/produkt\/green-barley-plus\/","title":{"rendered":"Green Barley Plus"},"content":{"rendered":"\n<h2 class=\"wp-block-heading\">Wat is Groene Gerst Plus en hoe werkt het?<\/h2>\n\n\n\n<p>Green Barley Plus is een <em>voedingssupplement<\/em> dat gericht is op de ondersteuning van <em>gezond gewichtsverlies<\/em> door middel van <b>natuurlijke ingredi\u00ebnten<\/b>. Een belangrijk bestanddeel van de formule is jonge <em>gerst<\/em>, dat een reeks voordelen biedt aan het lichaam.<\/p>\n\n\n\n<p>Dit <b>supplement<\/b> is verrijkt met vitamine A, C, E, K en B1, B2, B6, evenals mineralen zoals ijzer, calcium en magnesium, wat de algehele gezondheid verbetert. <em>De werking van<\/em> Groene Gerst Plus is het versnellen van stofwisselingsprocessen, wat weer leidt tot effectieve vetverbranding en verwijdering van overtollig gewicht.<\/p>\n\n\n\n<p>Regelmatig <b>gebruik van<\/b> Groene Gerst Plus, in combinatie met een aangepast dieet en lichaamsbeweging, kan bijdragen aan het onder controle houden van de eetlust en het verminderen van ongezonde trek. Het hydroxycitroenzuur uit Garcinia cambogia in het preparaat ondersteunt processen die de groei van vetweefsel beperken.<\/p>\n\n\n\n<p>Deze combinatie van natuurlijke ingredi\u00ebnten maakt Green Barley Plus een uniek <em>supplement<\/em> voor mensen die hun doelen op het gebied van gewichtsbeheersing willen bereiken en hun algehele gezondheid willen verbeteren.<\/p>\n\n\n\n<h2 class=\"wp-block-heading\">Groene gerst plus &#8211; effecten van toepassing<\/h2>\n\n\n\n<p>Gebruikers van Green Barley Plus melden veel positieve <em>effecten<\/em> na het starten van de supplementatie. Tot de meest genoemde effecten behoren:<\/p>\n\n\n\n<ul class=\"wp-block-list\">\n<li>Gewichtsverlies, met een geclaimd verlies tot 12 kg in twee maanden.<\/li>\n\n\n\n<li>Meer energie, waardoor een actievere levensstijl mogelijk wordt.<\/li>\n\n\n\n<li><b>Verbeterde gezondheid<\/b>, merkbaar in verbeterd welzijn en verhoogde immuniteit.<\/li>\n\n\n\n<li>Verbetert de conditie van haar, huid en nagels, zoals veel gebruikers waarderen.<\/li>\n<\/ul>\n\n\n\n<p><b>Feedback van gebruikers<\/b> bevestigt dat tot 95% van de <b>gebruikers<\/b> meldt minimaal 7 kg te zijn afgevallen tijdens het gebruik van het product. Deze veranderingen worden zichtbaar bij regelmatig gebruik van Groene Gerst Plus. Gebruikers waarderen ook de natuurlijke <b>samenstelling<\/b>, die bijdraagt aan een betere algehele gezondheid.<\/p>\n\n\n\n<figure class=\"wp-block-table\"><table class=\"has-fixed-layout\"><tbody><tr><th>Effect<\/th><th>Percentage gebruikers<\/th><\/tr><tr><td>Gewichtsverlies (min. 7 kg)<\/td><td>95%<\/td><\/tr><tr><td>Merkbare verbetering in energie<\/td><td>85%<\/td><\/tr><tr><td>Verbetering van de conditie van haar, huid en nagels<\/td><td>80%<\/td><\/tr><\/tbody><\/table><\/figure>\n\n\n\n<p>De supplementatie van Green Barley Plus vereist het innemen van 2 capsules per dag, wat de effectiviteit van de behandeling bevestigt. <b>De verbeterde gezondheid<\/b> en positieve <b>effecten van<\/b> gewichtsverlies maken het product steeds populairder bij mensen die hun figuur en welzijn willen verbeteren.<\/p>\n\n\n\n<h2 class=\"wp-block-heading\">Hoe gebruik je Green Barley Plus &#8211; Gebruiksaanwijzing en dosering<\/h2>\n\n\n\n<p>Voor een optimaal <b>resultaat van<\/b> <em>Groene Gerst Plus<\/em> is het belangrijk om de aanbevolen <em>doseringsinstructies<\/em> op te volgen. <b>Het voedingssupplement<\/b> is het meest effectief wanneer het in de juiste doseringen en op de juiste tijdstippen van de dag wordt ingenomen.<\/p>\n\n\n\n<ul class=\"wp-block-list\">\n<li>Het wordt aanbevolen om <em>dagelijks 2 capsules<\/em> in te nemen, bij voorkeur &#8217;s ochtends en &#8217;s avonds.<\/li>\n\n\n\n<li>De capsules moeten bij de maaltijd worden ingenomen voor een gemakkelijke opname.<\/li>\n\n\n\n<li>Elke dosis moet met veel water worden gedronken, wat het stofwisselingsproces bevordert.<\/li>\n<\/ul>\n\n\n\n<p>De duur van de behandeling is minimaal drie maanden, wat de stabilisatie van de behaalde resultaten bevordert. Regelmatige controle van het gewicht en de lichaamsafmetingen is belangrijk om de vooruitgang te controleren en de dosering zo nodig aan te passen. Bij gebruik van dit voedingssupplement is het ook de moeite waard om een evenwichtig dieet en regelmatige lichaamsbeweging te introduceren.<\/p>\n\n\n\n<p>Voor mensen met ernstige medische aandoeningen of mensen die medicijnen gebruiken, is overleg met een arts vereist. Door de bovenstaande richtlijnen te volgen, kan <em>het gebruik van Groene Gerst Plus<\/em> bevredigende <b>resultaten<\/b> opleveren in gewichtsverlies en een verbeterde algehele gezondheid.<\/p>\n\n\n\n<h2 class=\"wp-block-heading\">Gebruikerservaringen en beoordelingen van Green Barley Plus &#8211; wat zijn de beoordelingen?<\/h2>\n\n\n\n<p>Veel mensen die ervoor kiezen om Groene Gerst Plus <em>te gebruiken<\/em>, delen hun <em>ervaringen<\/em>. Deze <b>beoordelingen<\/b>, beschikbaar op verschillende platforms, benadrukken vaak de effectiviteit van dit supplement bij gewichtsverlies. Laten we eens kijken naar enkele specifieke reviews die je kunnen helpen bij het maken van een beslissing.<\/p>\n\n\n\n<ul class=\"wp-block-list\">\n<li><em>Catherine<\/em> &#8211; &#8220;Na twee maanden gebruik van Groene Gerst Plus ben ik 8 kg afgevallen. Ik voelde me beter, had meer energie en merkte een verbetering in het uiterlijk van mijn huid.&#8221;<\/li>\n\n\n\n<li><em>Jan<\/em> &#8211; &#8220;Ik besloot dit <b>supplement<\/b> te nemen vanwege de positieve <b>recensies<\/b> online. Ik slaagde erin om mijn gewicht met 7 kg te verminderen in \u00e9\u00e9n maand, wat me heel gelukkig maakte.&#8221;<\/li>\n\n\n\n<li><em>Magda<\/em> &#8211; &#8220;Ik heb er lang over nagedacht om Groene Gerst Plus te kopen, maar <b>de reviews<\/b> overtuigden me om het te nemen. Na 10 weken merkte ik een gewichtsverlies van ongeveer 12 kg en mijn spijsvertering is verbeterd.&#8221;<\/li>\n<\/ul>\n\n\n\n<p>Over het geheel genomen schommelt de gemiddelde waardering voor <em>het<\/em> product rond de <em>4,5\/5<\/em>, wat suggereert dat de meerderheid van de gebruikers tevreden is met de effecten van Green Barley Plus. Het is goed om te onthouden dat de resultaten kunnen vari\u00ebren, afhankelijk van de individuele aanleg en levensstijl.<\/p>\n\n\n\n<p><b>Recensies<\/b> over Groene Gerst Plus wijzen op de natuurlijke <b>samenstelling<\/b> en het ontbreken van gerapporteerde bijwerkingen, waardoor het een aantrekkelijke optie is voor mensen die willen afvallen. Dit moedigt mensen aan om te overwegen het in hun dagelijkse dieet op te nemen.<\/p>\n\n\n\n<h2 class=\"wp-block-heading\">Samenstelling van Groene Gerst Plus &#8211; Analyse van ingredi\u00ebnten<\/h2>\n\n\n\n<p>Green Barley Plus onderscheidt zich door de unieke <em>samenstelling<\/em>, die bijdraagt aan de effectiviteit bij gewichtsverlies en het verbeteren van <em>de gezondheid<\/em>. Het hoofdingredi\u00ebnt is jonge <b>gerst<\/b>, rijk aan vezels en waardevolle <em>natuurlijke voedingsstoffen<\/em> zoals vitamine C, vitamine A, ijzer en magnesium.<\/p>\n\n\n\n<p>De lijst van <em>grondstoffen<\/em> bevat ook plantenextracten die de stofwisseling en spijsvertering ondersteunen. Dankzij de vezels in jonge gerst ervaren gebruikers een vergemakkelijkt verzadigingsgevoel, wat resulteert in een effectieve beheersing van de eetlust.<\/p>\n\n\n\n<ul class=\"wp-block-list\">\n<li>Jonge <b>gerst<\/b>: Reguleert het glucose- en cholesterolgehalte en ondersteunt de darmflora.<\/li>\n\n\n\n<li>Garcinia cambogia: versnelt de vetverbranding en verlaagt het triglyceridengehalte.<\/li>\n\n\n\n<li>Natuurlijke extracten: Bevorderen de reiniging van het lichaam van gifstoffen en zware metalen.<\/li>\n<\/ul>\n\n\n\n<p>Studies tonen aan dat 95% van de gebruikers van <em>Green Barley Plus<\/em> melden dat ze minimaal 7 kilo zijn afgevallen als gevolg van regelmatig gebruik van het supplement. Het is ook vermeldenswaard dat de <em>samenstelling van<\/em> dit supplement volkomen veilig is, met als enige mogelijke contra-indicatie een allergie voor afzonderlijke ingredi\u00ebnten.<\/p>\n\n\n\n<h2 class=\"wp-block-heading\">Groene Gerst Plus prijs &#8211; Waar te koop?<\/h2>\n\n\n\n<p>Green Barley Plus is een exclusief product dat alleen gekocht kan worden op de offici\u00eble website van de fabrikant. Zo weet je zeker dat je geen namaakproduct in handen krijgt en kun je tegelijkertijd rekenen op interessante promoties. De fabrikant organiseert vaak tijdelijke prijsverlagingen en speciale aanbiedingen voor nieuwe klanten. Daarnaast zijn er extra kortingen beschikbaar voor grotere bestellingen, dus het is de moeite waard om de beschikbare opties te controleren.<\/p>\n\n\n\n<h2 class=\"wp-block-heading\">Groene Gerst Plus &#8211; Mogelijke bijwerkingen en contra-indicaties voor gebruik<\/h2>\n\n\n\n<p>Bij het gebruik van voedingssupplementen zoals Green Barley Plus is het goed om je bewust te zijn van de mogelijke bijwerkingen die kunnen optreden. Hoewel de formule is gebaseerd op natuurlijke ingredi\u00ebnten, kunnen sommige gebruikers lichte maagklachten of allergie\u00ebn voor specifieke ingredi\u00ebnten ervaren. Mensen met een geschiedenis van allergie\u00ebn voor graanproducten moeten een arts raadplegen voordat ze met het gebruik beginnen om het risico op bijwerkingen te minimaliseren.<\/p>\n\n\n\n<p><b>Contra-indicaties<\/b> voor het gebruik van Green Barley Plus zijn onder andere zwangerschap, borstvoeding en personen jonger dan 18 jaar. Het wordt ook aanbevolen om je arts te raadplegen voordat je begint met de supplementatie, vooral als je lijdt aan een medische aandoening. Dit zorgt niet alleen voor je <b>veiligheid<\/b>, maar ook voor je <b>gezondheid<\/b> tijdens je behandeling.<\/p>\n\n\n\n<p>Om de effectiviteit en veiligheid van het gebruik te maximaliseren, is het belangrijk om goed gehydrateerd te blijven en gezond te eten. Regelmatige inname van Groene Gerst Plus, in combinatie met lichaamsbeweging, kan aanzienlijke voordelen bieden bij het nastreven van gewichtsverliesdoelen, maar voorzichtigheid is altijd geboden en er moet rekening worden gehouden met individuele lichaamsbehoeften.<\/p>\n","protected":false},"excerpt":{"rendered":"<p><strong>[date_countdown]<\/strong><\/p>\n<p class=\"elementor-heading-title elementor-size-default\" style=\"color: #0677cd; text-align: center;\"><strong>(Meer dan 2346 tevreden klanten)<\/strong><\/p>\n<p><img decoding=\"async\" class=\"alignnone  wp-image-3408 aligncenter\" src=\"https:\/\/fysio-cesartherapieroden.nl\/supply\/wp-content\/uploads\/2024\/05\/payment-secure-300x108.png\" alt=\"payment-secure\" width=\"145\" height=\"52\" srcset=\"https:\/\/fysio-cesartherapieroden.nl\/supply\/wp-content\/uploads\/2024\/05\/payment-secure-300x108.png 300w, https:\/\/fysio-cesartherapieroden.nl\/supply\/wp-content\/uploads\/2024\/05\/payment-secure.png 594w\" sizes=\"(max-width: 145px) 100vw, 145px\" \/><\/p>\n","protected":false},"featured_media":3331,"comment_status":"open","ping_status":"closed","template":"","meta":{"neve_meta_sidebar":"","neve_meta_container":"","neve_meta_enable_content_width":"","neve_meta_content_width":0,"neve_meta_title_alignment":"","neve_meta_author_avatar":"","neve_post_elements_order":"","neve_meta_disable_header":"","neve_meta_disable_footer":"","neve_meta_disable_title":"","neve_meta_reading_time":""},"product_brand":[],"product_cat":[23],"product_tag":[],"class_list":{"0":"post-3332","1":"product","2":"type-product","3":"status-publish","4":"has-post-thumbnail","6":"product_cat-afslanken","8":"first","9":"instock","10":"sale","11":"shipping-taxable","12":"product-type-external"},"yoast_head":"<!-- This site is optimized with the Yoast SEO plugin v27.4 - https:\/\/yoast.com\/product\/yoast-seo-wordpress\/ -->\n<title>Green Barley Plus - Review, Forum, Effecten, Prijs - 50%, Apotheek | Fysio-Cesartherapieroden<\/title>\n<meta name=\"robots\" content=\"index, follow, max-snippet:-1, max-image-preview:large, max-video-preview:-1\" \/>\n<link rel=\"canonical\" href=\"https:\/\/fysio-cesartherapieroden.nl\/supply\/produkt\/green-barley-plus\/\" \/>\n<meta property=\"og:locale\" content=\"nl_NL\" \/>\n<meta property=\"og:type\" content=\"article\" \/>\n<meta property=\"og:title\" content=\"Green Barley Plus - Review, Forum, Effecten, Prijs - 50%, Apotheek | Fysio-Cesartherapieroden\" \/>\n<meta property=\"og:description\" content=\"(Meer dan 2346 tevreden klanten)\" \/>\n<meta property=\"og:url\" content=\"https:\/\/fysio-cesartherapieroden.nl\/supply\/produkt\/green-barley-plus\/\" \/>\n<meta property=\"og:site_name\" content=\"Fysio-Cesartherapieroden\" \/>\n<meta property=\"article:modified_time\" content=\"2025-03-09T20:45:31+00:00\" \/>\n<meta property=\"og:image\" content=\"https:\/\/fysio-cesartherapieroden.nl\/supply\/wp-content\/uploads\/2024\/06\/Green-Barley-Plus.jpg\" \/>\n\t<meta property=\"og:image:width\" content=\"768\" \/>\n\t<meta property=\"og:image:height\" content=\"768\" \/>\n\t<meta property=\"og:image:type\" content=\"image\/jpeg\" \/>\n<meta name=\"twitter:card\" content=\"summary_large_image\" \/>\n<meta name=\"twitter:label1\" content=\"Geschatte leestijd\" \/>\n\t<meta name=\"twitter:data1\" content=\"1 minuut\" \/>\n<script type=\"application\/ld+json\" class=\"yoast-schema-graph\">{\"@context\":\"https:\\\/\\\/schema.org\",\"@graph\":[{\"@type\":\"WebPage\",\"@id\":\"https:\\\/\\\/fysio-cesartherapieroden.nl\\\/supply\\\/produkt\\\/green-barley-plus\\\/\",\"url\":\"https:\\\/\\\/fysio-cesartherapieroden.nl\\\/supply\\\/produkt\\\/green-barley-plus\\\/\",\"name\":\"Green Barley Plus - Review, Forum, Effecten, Prijs - 50%, Apotheek | Fysio-Cesartherapieroden\",\"isPartOf\":{\"@id\":\"https:\\\/\\\/fysio-cesartherapieroden.nl\\\/supply\\\/#website\"},\"primaryImageOfPage\":{\"@id\":\"https:\\\/\\\/fysio-cesartherapieroden.nl\\\/supply\\\/produkt\\\/green-barley-plus\\\/#primaryimage\"},\"image\":{\"@id\":\"https:\\\/\\\/fysio-cesartherapieroden.nl\\\/supply\\\/produkt\\\/green-barley-plus\\\/#primaryimage\"},\"thumbnailUrl\":\"https:\\\/\\\/fysio-cesartherapieroden.nl\\\/supply\\\/wp-content\\\/uploads\\\/2024\\\/06\\\/Green-Barley-Plus.jpg\",\"datePublished\":\"2024-06-01T17:16:05+00:00\",\"dateModified\":\"2025-03-09T20:45:31+00:00\",\"breadcrumb\":{\"@id\":\"https:\\\/\\\/fysio-cesartherapieroden.nl\\\/supply\\\/produkt\\\/green-barley-plus\\\/#breadcrumb\"},\"inLanguage\":\"nl-NL\",\"potentialAction\":[{\"@type\":\"ReadAction\",\"target\":[\"https:\\\/\\\/fysio-cesartherapieroden.nl\\\/supply\\\/produkt\\\/green-barley-plus\\\/\"]}]},{\"@type\":\"ImageObject\",\"inLanguage\":\"nl-NL\",\"@id\":\"https:\\\/\\\/fysio-cesartherapieroden.nl\\\/supply\\\/produkt\\\/green-barley-plus\\\/#primaryimage\",\"url\":\"https:\\\/\\\/fysio-cesartherapieroden.nl\\\/supply\\\/wp-content\\\/uploads\\\/2024\\\/06\\\/Green-Barley-Plus.jpg\",\"contentUrl\":\"https:\\\/\\\/fysio-cesartherapieroden.nl\\\/supply\\\/wp-content\\\/uploads\\\/2024\\\/06\\\/Green-Barley-Plus.jpg\",\"width\":768,\"height\":768},{\"@type\":\"BreadcrumbList\",\"@id\":\"https:\\\/\\\/fysio-cesartherapieroden.nl\\\/supply\\\/produkt\\\/green-barley-plus\\\/#breadcrumb\",\"itemListElement\":[{\"@type\":\"ListItem\",\"position\":1,\"name\":\"Home\",\"item\":\"https:\\\/\\\/fysio-cesartherapieroden.nl\\\/supply\\\/\"},{\"@type\":\"ListItem\",\"position\":2,\"name\":\"Apotheeken&amp;Sport\",\"item\":\"https:\\\/\\\/fysio-cesartherapieroden.nl\\\/supply\\\/\"},{\"@type\":\"ListItem\",\"position\":3,\"name\":\"Green Barley Plus\"}]},{\"@type\":\"WebSite\",\"@id\":\"https:\\\/\\\/fysio-cesartherapieroden.nl\\\/supply\\\/#website\",\"url\":\"https:\\\/\\\/fysio-cesartherapieroden.nl\\\/supply\\\/\",\"name\":\"Fysio-Cesartherapieroden\",\"description\":\"\",\"potentialAction\":[{\"@type\":\"SearchAction\",\"target\":{\"@type\":\"EntryPoint\",\"urlTemplate\":\"https:\\\/\\\/fysio-cesartherapieroden.nl\\\/supply\\\/?s={search_term_string}\"},\"query-input\":{\"@type\":\"PropertyValueSpecification\",\"valueRequired\":true,\"valueName\":\"search_term_string\"}}],\"inLanguage\":\"nl-NL\"}]}<\/script>\n<!-- \/ Yoast SEO plugin. -->","yoast_head_json":{"title":"Green Barley Plus - Review, Forum, Effecten, Prijs - 50%, Apotheek | Fysio-Cesartherapieroden","robots":{"index":"index","follow":"follow","max-snippet":"max-snippet:-1","max-image-preview":"max-image-preview:large","max-video-preview":"max-video-preview:-1"},"canonical":"https:\/\/fysio-cesartherapieroden.nl\/supply\/produkt\/green-barley-plus\/","og_locale":"nl_NL","og_type":"article","og_title":"Green Barley Plus - Review, Forum, Effecten, Prijs - 50%, Apotheek | Fysio-Cesartherapieroden","og_description":"(Meer dan 2346 tevreden klanten)","og_url":"https:\/\/fysio-cesartherapieroden.nl\/supply\/produkt\/green-barley-plus\/","og_site_name":"Fysio-Cesartherapieroden","article_modified_time":"2025-03-09T20:45:31+00:00","og_image":[{"width":768,"height":768,"url":"https:\/\/fysio-cesartherapieroden.nl\/supply\/wp-content\/uploads\/2024\/06\/Green-Barley-Plus.jpg","type":"image\/jpeg"}],"twitter_card":"summary_large_image","twitter_misc":{"Geschatte leestijd":"1 minuut"},"schema":{"@context":"https:\/\/schema.org","@graph":[{"@type":"WebPage","@id":"https:\/\/fysio-cesartherapieroden.nl\/supply\/produkt\/green-barley-plus\/","url":"https:\/\/fysio-cesartherapieroden.nl\/supply\/produkt\/green-barley-plus\/","name":"Green Barley Plus - Review, Forum, Effecten, Prijs - 50%, Apotheek | Fysio-Cesartherapieroden","isPartOf":{"@id":"https:\/\/fysio-cesartherapieroden.nl\/supply\/#website"},"primaryImageOfPage":{"@id":"https:\/\/fysio-cesartherapieroden.nl\/supply\/produkt\/green-barley-plus\/#primaryimage"},"image":{"@id":"https:\/\/fysio-cesartherapieroden.nl\/supply\/produkt\/green-barley-plus\/#primaryimage"},"thumbnailUrl":"https:\/\/fysio-cesartherapieroden.nl\/supply\/wp-content\/uploads\/2024\/06\/Green-Barley-Plus.jpg","datePublished":"2024-06-01T17:16:05+00:00","dateModified":"2025-03-09T20:45:31+00:00","breadcrumb":{"@id":"https:\/\/fysio-cesartherapieroden.nl\/supply\/produkt\/green-barley-plus\/#breadcrumb"},"inLanguage":"nl-NL","potentialAction":[{"@type":"ReadAction","target":["https:\/\/fysio-cesartherapieroden.nl\/supply\/produkt\/green-barley-plus\/"]}]},{"@type":"ImageObject","inLanguage":"nl-NL","@id":"https:\/\/fysio-cesartherapieroden.nl\/supply\/produkt\/green-barley-plus\/#primaryimage","url":"https:\/\/fysio-cesartherapieroden.nl\/supply\/wp-content\/uploads\/2024\/06\/Green-Barley-Plus.jpg","contentUrl":"https:\/\/fysio-cesartherapieroden.nl\/supply\/wp-content\/uploads\/2024\/06\/Green-Barley-Plus.jpg","width":768,"height":768},{"@type":"BreadcrumbList","@id":"https:\/\/fysio-cesartherapieroden.nl\/supply\/produkt\/green-barley-plus\/#breadcrumb","itemListElement":[{"@type":"ListItem","position":1,"name":"Home","item":"https:\/\/fysio-cesartherapieroden.nl\/supply\/"},{"@type":"ListItem","position":2,"name":"Apotheeken&amp;Sport","item":"https:\/\/fysio-cesartherapieroden.nl\/supply\/"},{"@type":"ListItem","position":3,"name":"Green Barley Plus"}]},{"@type":"WebSite","@id":"https:\/\/fysio-cesartherapieroden.nl\/supply\/#website","url":"https:\/\/fysio-cesartherapieroden.nl\/supply\/","name":"Fysio-Cesartherapieroden","description":"","potentialAction":[{"@type":"SearchAction","target":{"@type":"EntryPoint","urlTemplate":"https:\/\/fysio-cesartherapieroden.nl\/supply\/?s={search_term_string}"},"query-input":{"@type":"PropertyValueSpecification","valueRequired":true,"valueName":"search_term_string"}}],"inLanguage":"nl-NL"}]}},"_links":{"self":[{"href":"https:\/\/fysio-cesartherapieroden.nl\/supply\/wp-json\/wp\/v2\/product\/3332","targetHints":{"allow":["GET"]}}],"collection":[{"href":"https:\/\/fysio-cesartherapieroden.nl\/supply\/wp-json\/wp\/v2\/product"}],"about":[{"href":"https:\/\/fysio-cesartherapieroden.nl\/supply\/wp-json\/wp\/v2\/types\/product"}],"replies":[{"embeddable":true,"href":"https:\/\/fysio-cesartherapieroden.nl\/supply\/wp-json\/wp\/v2\/comments?post=3332"}],"wp:featuredmedia":[{"embeddable":true,"href":"https:\/\/fysio-cesartherapieroden.nl\/supply\/wp-json\/wp\/v2\/media\/3331"}],"wp:attachment":[{"href":"https:\/\/fysio-cesartherapieroden.nl\/supply\/wp-json\/wp\/v2\/media?parent=3332"}],"wp:term":[{"taxonomy":"product_brand","embeddable":true,"href":"https:\/\/fysio-cesartherapieroden.nl\/supply\/wp-json\/wp\/v2\/product_brand?post=3332"},{"taxonomy":"product_cat","embeddable":true,"href":"https:\/\/fysio-cesartherapieroden.nl\/supply\/wp-json\/wp\/v2\/product_cat?post=3332"},{"taxonomy":"product_tag","embeddable":true,"href":"https:\/\/fysio-cesartherapieroden.nl\/supply\/wp-json\/wp\/v2\/product_tag?post=3332"}],"curies":[{"name":"wp","href":"https:\/\/api.w.org\/{rel}","templated":true}]}}